{"id":1037,"date":"2017-07-21T08:41:53","date_gmt":"2017-07-21T08:41:53","guid":{"rendered":"https:\/\/munich-ski-shuttle.com\/?page_id=1037"},"modified":"2017-07-26T08:48:40","modified_gmt":"2017-07-26T08:48:40","slug":"audi-a8","status":"publish","type":"page","link":"https:\/\/munich-ski-shuttle.com\/en\/audi-a8\/","title":{"rendered":"AUDI A8"},"content":{"rendered":"[vc_row][vc_column]\n<div id=\"rev_slider_33_1_wrapper\" class=\"rev_slider_wrapper fullwidthbanner-container\" data-source=\"gallery\" style=\"margin:0px auto;background:transparent;padding:0px;margin-top:0px;margin-bottom:0px;\">\n<!-- START REVOLUTION SLIDER 5.4.6.3.1 auto mode -->\n\t<div id=\"rev_slider_33_1\" class=\"rev_slider fullwidthabanner\" style=\"display:none;\" data-version=\"5.4.6.3.1\">\n<ul>\t<!-- SLIDE  -->\n\t<li data-index=\"rs-34\" data-transition=\"fade\" data-slotamount=\"default\" data-hideafterloop=\"0\" data-hideslideonmobile=\"off\"  data-easein=\"default\" data-easeout=\"default\" data-masterspeed=\"300\"  data-rotate=\"0\"  data-saveperformance=\"off\"  data-title=\"Slide\" data-param1=\"\" data-param2=\"\" data-param3=\"\" data-param4=\"\" data-param5=\"\" data-param6=\"\" data-param7=\"\" data-param8=\"\" data-param9=\"\" data-param10=\"\" data-description=\"\">\n\t\t<!-- MAIN IMAGE -->\n\t\t<img src=\"https:\/\/munich-ski-shuttle.com\/wp-content\/uploads\/2017\/07\/AUDI_A8_INNEN.jpg\"  alt=\"\" title=\"AUDI_A8_INNEN\"  width=\"1920\" height=\"1080\" data-bgposition=\"center center\" data-bgfit=\"cover\" class=\"rev-slidebg\" data-no-retina>\n\t\t<!-- LAYERS -->\n\n\t\t<!-- BACKGROUND VIDEO LAYER -->\n\t\t<div class=\"rs-background-video-layer\" \n\t\t\tdata-forcerewind=\"on\" \n\t\t\tdata-volume=\"mute\" \n\t\t\tdata-videowidth=\"100%\" \n\t\t\tdata-videoheight=\"100%\" \n\t\t\tdata-videomp4=\"https:\/\/munich-business-shuttle.com\/wp-content\/uploads\/2017\/07\/AUDI_A8_INNEN_MOBILE_720p.mp4\" \n\t\t\tdata-videopreload=\"auto\" \n\t\t\tdata-videoloop=\"loopandnoslidestop\" \n\t\t\tdata-forceCover=\"1\" \n\t\t\tdata-aspectratio=\"16:9\" \n\t\t\tdata-autoplay=\"true\" \n\t\t\tdata-autoplayonlyfirsttime=\"false\" \n><\/div>\t<\/li>\n<\/ul>\n<div class=\"tp-bannertimer tp-bottom\" style=\"visibility: hidden !important;\"><\/div>\t<\/div>\n<script>var htmlDiv = document.getElementById(\"rs-plugin-settings-inline-css\"); var htmlDivCss=\"\";\n\t\t\t\tif(htmlDiv) {\n\t\t\t\t\thtmlDiv.innerHTML = htmlDiv.innerHTML + htmlDivCss;\n\t\t\t\t}else{\n\t\t\t\t\tvar htmlDiv = document.createElement(\"div\");\n\t\t\t\t\thtmlDiv.innerHTML = \"<style>\" + htmlDivCss + \"<\/style>\";\n\t\t\t\t\tdocument.getElementsByTagName(\"head\")[0].appendChild(htmlDiv.childNodes[0]);\n\t\t\t\t}\n\t\t\t<\/script>\n\t\t<script type=\"text\/javascript\">\nsetREVStartSize({c: jQuery('#rev_slider_33_1'), gridwidth: [1280], gridheight: [720], sliderLayout: 'auto'});\n\t\t\t\nvar revapi33,\n\ttpj=jQuery;\n\t\t\t\ntpj(document).ready(function() {\n\tif(tpj(\"#rev_slider_33_1\").revolution == undefined){\n\t\trevslider_showDoubleJqueryError(\"#rev_slider_33_1\");\n\t}else{\n\t\trevapi33 = tpj(\"#rev_slider_33_1\").show().revolution({\n\t\t\tsliderType:\"standard\",\n\t\t\tjsFileLocation:\"\/\/munich-ski-shuttle.com\/wp-content\/plugins\/revslider\/public\/assets\/js\/\",\n\t\t\tsliderLayout:\"auto\",\n\t\t\tdottedOverlay:\"none\",\n\t\t\tdelay:9000,\n\t\t\tnavigation: {\n\t\t\t\tonHoverStop:\"off\",\n\t\t\t},\n\t\t\tvisibilityLevels:[1240,1024,778,480],\n\t\t\tgridwidth:1280,\n\t\t\tgridheight:720,\n\t\t\tlazyType:\"none\",\n\t\t\tshadow:0,\n\t\t\tspinner:\"spinner0\",\n\t\t\tstopLoop:\"off\",\n\t\t\tstopAfterLoops:-1,\n\t\t\tstopAtSlide:-1,\n\t\t\tshuffle:\"off\",\n\t\t\tautoHeight:\"off\",\n\t\t\tdisableProgressBar:\"on\",\n\t\t\thideThumbsOnMobile:\"off\",\n\t\t\thideSliderAtLimit:0,\n\t\t\thideCaptionAtLimit:0,\n\t\t\thideAllCaptionAtLilmit:0,\n\t\t\tdebugMode:false,\n\t\t\tfallbacks: {\n\t\t\t\tsimplifyAll:\"off\",\n\t\t\t\tnextSlideOnWindowFocus:\"off\",\n\t\t\t\tdisableFocusListener:false,\n\t\t\t}\n\t\t});\n\t}\n\t\n});\t\/*ready*\/\n<\/script>\n\t\t<\/div><!-- END REVOLUTION SLIDER -->[vc_empty_space height=&#8221;70px&#8221;]<h4>Audi A8<\/h4><div class=\"title-block7\"><\/div>[vc_column_text]\r\n\r\nExzellenten Komfort im Luxussegment mit der Fahrt im Audi A8 genie\u00dfen. Der herausragende Komfort f\u00fcr Sie mit elektrisch ausklappbarer Fu\u00dfablage oder dem perfekt ins Fahrzeug integrierten Rear Seat Entertainment. Entspannte und ergonomische Sitzeinstellungen mit Memory-Funktion sorgen f\u00fcr eine sehr bequeme Fahrt.\r\n\r\n[\/vc_column_text][vc_tta_tabs][vc_tta_section title=&#8221;Specifications&#8221; tab_id=&#8221;1483593283508-e89ca909-dfb4&#8243;][vc_column_text]\r\n<table>\r\n<tbody>\r\n<tr>\r\n<td data-title=\"Column 1\">Chauffeurs-Edition<\/td>\r\n<td data-title=\"Column 1\">Smartphone charger<\/td>\r\n<td data-title=\"Column 1\">Air Condition<\/td>\r\n<\/tr>\r\n<tr>\r\n<td data-title=\"Column 2\">Up to 3 passengers<\/td>\r\n<td data-title=\"Column 2\">Live Traffic Information<\/td>\r\n<td data-title=\"Column 2\">Bottled water<\/td>\r\n<\/tr>\r\n<tr>\r\n<td data-title=\"Column 3\">Up to 3 suitcases<\/td>\r\n<td data-title=\"Column 3\">Airport Meet &amp; Greet<\/td>\r\n<td data-title=\"Column 3\">Surround Sound<\/td>\r\n<\/tr>\r\n<tr>\r\n<td data-title=\"Column 4\">Skibag or roof rack<\/td>\r\n<td data-title=\"Column 4\">Free child seats<\/td>\r\n<td data-title=\"Column 4\">Four wheel drive<\/td>\r\n<\/tr>\r\n<\/tbody>\r\n<\/table>\r\n[\/vc_column_text][\/vc_tta_section][vc_tta_section title=&#8221;Booking&#8221; tab_id=&#8221;1483593283584-ad9a7084-fcdf&#8221;][vc_column_text]\r\n<ul>\r\n \t<li>Comfortable online-reservation and payment<\/li>\r\n \t<li>Free cancellation up to one hour before pickup<\/li>\r\n \t<li>Invoices and billing according to your individual expense report<\/li>\r\n \t<li>24h emergency number<\/li>\r\n<\/ul>\r\n[\/vc_column_text][\/vc_tta_section][vc_tta_section title=&#8221;Additional Information&#8221; tab_id=&#8221;1483593306724-dcee7d32-c94e&#8221;][vc_column_text]Book your individual munich airport transfer and let us take care of the rest. Munich Business Shuttle holds their own fleet and does not sell transfers to thrid external providers. As an owner managed company we guarantee you the highest quality and reliability. We are looking forward to welcoming you aboard soon![\/vc_column_text][\/vc_tta_section][\/vc_tta_tabs][vc_empty_space height=&#8221;70px&#8221;][\/vc_column][\/vc_row]","protected":false},"excerpt":{"rendered":"<p>[vc_row][vc_column][vc_empty_space height=&#8221;70px&#8221;][vc_column_text] Exzellenten Komfort im Luxussegment mit der Fahrt im Audi A8 genie\u00dfen. Der herausragende Komfort f\u00fcr Sie mit elektrisch ausklappbarer Fu\u00dfablage oder dem perfekt ins Fahrzeug integrierten Rear Seat Entertainment. Entspannte und ergonomische Sitzeinstellungen mit Memory-Funktion sorgen f\u00fcr eine sehr bequeme Fahrt. [\/vc_column_text][vc_tta_tabs][vc_tta_section title=&#8221;Specifications&#8221; tab_id=&#8221;1483593283508-e89ca909-dfb4&#8243;][vc_column_text] Chauffeurs-Edition Smartphone charger Air Condition Up to 3 passengers<\/p>\n","protected":false},"author":1,"featured_media":0,"parent":0,"menu_order":0,"comment_status":"closed","ping_status":"closed","template":"","meta":[],"_links":{"self":[{"href":"https:\/\/munich-ski-shuttle.com\/en\/wp-json\/wp\/v2\/pages\/1037"}],"collection":[{"href":"https:\/\/munich-ski-shuttle.com\/en\/wp-json\/wp\/v2\/pages"}],"about":[{"href":"https:\/\/munich-ski-shuttle.com\/en\/wp-json\/wp\/v2\/types\/page"}],"author":[{"embeddable":true,"href":"https:\/\/munich-ski-shuttle.com\/en\/wp-json\/wp\/v2\/users\/1"}],"replies":[{"embeddable":true,"href":"https:\/\/munich-ski-shuttle.com\/en\/wp-json\/wp\/v2\/comments?post=1037"}],"version-history":[{"count":9,"href":"https:\/\/munich-ski-shuttle.com\/en\/wp-json\/wp\/v2\/pages\/1037\/revisions"}],"predecessor-version":[{"id":1247,"href":"https:\/\/munich-ski-shuttle.com\/en\/wp-json\/wp\/v2\/pages\/1037\/revisions\/1247"}],"wp:attachment":[{"href":"https:\/\/munich-ski-shuttle.com\/en\/wp-json\/wp\/v2\/media?parent=1037"}],"curies":[{"name":"wp","href":"https:\/\/api.w.org\/{rel}","templated":true}]}}